{"id":1446,"date":"2017-12-02T06:33:50","date_gmt":"2017-12-02T05:33:50","guid":{"rendered":"https:\/\/hostalciudadcondal.com\/?page_id=1446"},"modified":"2025-02-10T21:15:12","modified_gmt":"2025-02-10T20:15:12","slug":"ubicacio-i-contacte","status":"publish","type":"page","link":"https:\/\/hostalciudadcondal.com\/ca\/ubicacio-i-contacte\/","title":{"rendered":"Ubicaci\u00f3 i contacte"},"content":{"rendered":"\t\t<div data-elementor-type=\"wp-post\" data-elementor-id=\"1446\" class=\"elementor elementor-1446 elementor-64\">\n\t\t\t\t\t\t<section class=\"elementor-section elementor-top-section elementor-element elementor-element-7c6ff5bb elementor-section-full_width elementor-section-height-min-height elementor-section-height-default elementor-section-items-middle\" data-id=\"7c6ff5bb\" data-element_type=\"section\" data-settings=\"{&quot;background_background&quot;:&quot;classic&quot;}\">\n\t\t\t\t\t\t\t<div class=\"elementor-background-overlay\"><\/div>\n\t\t\t\t\t\t\t<div class=\"elementor-container elementor-column-gap-default\">\n\t\t\t\t\t<div class=\"elementor-column elementor-col-100 elementor-top-column elementor-element elementor-element-91f9f2b\" data-id=\"91f9f2b\" data-element_type=\"column\">\n\t\t\t<div class=\"elementor-widget-wrap elementor-element-populated\">\n\t\t\t\t\t\t<div class=\"elementor-element elementor-element-32575fce elementor-widget elementor-widget-spacer\" data-id=\"32575fce\" data-element_type=\"widget\" data-widget_type=\"spacer.default\">\n\t\t\t\t<div class=\"elementor-widget-container\">\n\t\t\t\t\t<div class=\"elementor-spacer\">\n\t\t\t<div class=\"elementor-spacer-inner\"><\/div>\n\t\t<\/div>\n\t\t\t\t<\/div>\n\t\t\t\t<\/div>\n\t\t\t\t<div class=\"elementor-element elementor-element-b83b3ee elementor-view-default elementor-position-top elementor-invisible elementor-widget elementor-widget-themo-header\" data-id=\"b83b3ee\" data-element_type=\"widget\" data-settings=\"{&quot;_animation&quot;:&quot;fadeIn&quot;}\" data-widget_type=\"themo-header.default\">\n\t\t\t\t<div class=\"elementor-widget-container\">\n\t\t\t\t\t<div class=\"th-header-wrap\">\n        <div class=\"elementor-icon-box-wrapper \">\n                            <div class=\"elementor-icon-box-content\">\n                    <h1 class=\"elementor-icon-box-title\">\n                        UBICACI\u00d3 I CONTACTE                    <\/h1>\n                                        <p class=\"elementor-icon-box-description\">Localitzat al segon pis d\u00b4un edifici hist\u00f2ric del modernisme catal\u00e0 del centre de Barcelona<\/p>\n\n                                            <div class=\"th-btn-wrap\">\n                                                            <a class=\"btn-1 btn th-btn btn-standard-light\" href=\"#map\">\n                                                                            MAPA I DIRECCI\u00d3                                                                    <\/a>\n                            \n                                                    <\/div>\n                                    <\/div>\n            <\/div>\n\n        <\/div>\n\n\t\t\t\t<\/div>\n\t\t\t\t<\/div>\n\t\t\t\t\t<\/div>\n\t\t<\/div>\n\t\t\t\t\t<\/div>\n\t\t<\/section>\n\t\t\t\t<section class=\"elementor-section elementor-top-section elementor-element elementor-element-cd2cb7f elementor-section-boxed elementor-section-height-default elementor-section-height-default\" data-id=\"cd2cb7f\" data-element_type=\"section\" data-settings=\"{&quot;background_background&quot;:&quot;classic&quot;}\">\n\t\t\t\t\t\t<div class=\"elementor-container elementor-column-gap-default\">\n\t\t\t\t\t<div class=\"elementor-column elementor-col-100 elementor-top-column elementor-element elementor-element-77c6e91\" data-id=\"77c6e91\" data-element_type=\"column\">\n\t\t\t<div class=\"elementor-widget-wrap elementor-element-populated\">\n\t\t\t\t\t\t<div class=\"elementor-element elementor-element-d98b059 elementor-widget elementor-widget-spacer\" data-id=\"d98b059\" data-element_type=\"widget\" data-widget_type=\"spacer.default\">\n\t\t\t\t<div class=\"elementor-widget-container\">\n\t\t\t\t\t<div class=\"elementor-spacer\">\n\t\t\t<div class=\"elementor-spacer-inner\"><\/div>\n\t\t<\/div>\n\t\t\t\t<\/div>\n\t\t\t\t<\/div>\n\t\t\t\t\t<\/div>\n\t\t<\/div>\n\t\t\t\t\t<\/div>\n\t\t<\/section>\n\t\t\t\t<section class=\"elementor-section elementor-top-section elementor-element elementor-element-a3ba32b elementor-section-boxed elementor-section-height-default elementor-section-height-default\" data-id=\"a3ba32b\" data-element_type=\"section\">\n\t\t\t\t\t\t<div class=\"elementor-container elementor-column-gap-default\">\n\t\t\t\t\t<div class=\"elementor-column elementor-col-100 elementor-top-column elementor-element elementor-element-b63e226\" data-id=\"b63e226\" data-element_type=\"column\">\n\t\t\t<div class=\"elementor-widget-wrap elementor-element-populated\">\n\t\t\t\t\t\t<div class=\"elementor-element elementor-element-1e8ad5d elementor-widget elementor-widget-text-editor\" data-id=\"1e8ad5d\" data-element_type=\"widget\" data-widget_type=\"text-editor.default\">\n\t\t\t\t<div class=\"elementor-widget-container\">\n\t\t\t\t\t\t\t<p>El <strong>CIUDAD CONDAL<\/strong>\u00a0\u00e9s un Hostal, localitzat al segon pis d&#8217;un <strong>edifici hist\u00f2ric del modernisme catal\u00e0<\/strong> del centre de Barcelona, \u200b\u200ba 2 minuts a peu del fam\u00f3s conjunt arquitect\u00f2nic conegut com la \u201cpoma de la disc\u00f2rdia\u201d pel contrast de tres edificis realitzats pels arquitectes m\u00e9s c\u00e8lebres del modernisme catal\u00e0<br \/><strong>Estem immillorablement situats<\/strong> al centre comercial i tur\u00edstic de Barcelona, \u200b\u200bentre el Passeig de Gr\u00e0cia i la Rambla de Catalunya (principals art\u00e8ries comercials de la ciutat, plenes de vida a qualsevol hora)<\/p><ul><li>a 1 minut a peu, del fam\u00f3s edifici &#8220;La Pedrera&#8221; de Gaud\u00ed<\/li><li>a 2 minuts a peu, del fam\u00f3s edifici &#8220;La Casa Batll\u00f3&#8221; de Gaud\u00ed<\/li><li>a\u00a020minuts caminant pel nostre mateix carrer, per gaudir de la nostra emblem\u00e0tica \u201cSagrada Fam\u00edlia\u201d<\/li><li>a escassos 10 minuts caminant, \u00a0de Pla\u00e7a Catalunya i la Rambla<\/li><\/ul><p>aix\u00ed com molts altres punts d&#8217;inter\u00e8s que fan de Barcelona una de les ciutats m\u00e9s atractives i cosmopolites del m\u00f3n<\/p>\t\t\t\t\t\t<\/div>\n\t\t\t\t<\/div>\n\t\t\t\t\t<\/div>\n\t\t<\/div>\n\t\t\t\t\t<\/div>\n\t\t<\/section>\n\t\t\t\t<section class=\"elementor-section elementor-top-section elementor-element elementor-element-7445c69 elementor-section-boxed elementor-section-height-default elementor-section-height-default\" data-id=\"7445c69\" data-element_type=\"section\" data-settings=\"{&quot;background_background&quot;:&quot;classic&quot;}\">\n\t\t\t\t\t\t<div class=\"elementor-container elementor-column-gap-default\">\n\t\t\t\t\t<div class=\"elementor-column elementor-col-100 elementor-top-column elementor-element elementor-element-fe69e08\" data-id=\"fe69e08\" data-element_type=\"column\">\n\t\t\t<div class=\"elementor-widget-wrap elementor-element-populated\">\n\t\t\t\t\t\t<div class=\"elementor-element elementor-element-18ae988 elementor-widget elementor-widget-spacer\" data-id=\"18ae988\" data-element_type=\"widget\" data-widget_type=\"spacer.default\">\n\t\t\t\t<div class=\"elementor-widget-container\">\n\t\t\t\t\t<div class=\"elementor-spacer\">\n\t\t\t<div class=\"elementor-spacer-inner\"><\/div>\n\t\t<\/div>\n\t\t\t\t<\/div>\n\t\t\t\t<\/div>\n\t\t\t\t\t<\/div>\n\t\t<\/div>\n\t\t\t\t\t<\/div>\n\t\t<\/section>\n\t\t\t\t<section class=\"elementor-section elementor-top-section elementor-element elementor-element-1c48f49 elementor-section-full_width elementor-section-height-default elementor-section-height-default\" data-id=\"1c48f49\" data-element_type=\"section\">\n\t\t\t\t\t\t<div class=\"elementor-container elementor-column-gap-default\">\n\t\t\t\t\t<div class=\"elementor-column elementor-col-100 elementor-top-column elementor-element elementor-element-0430421\" data-id=\"0430421\" data-element_type=\"column\">\n\t\t\t<div class=\"elementor-widget-wrap elementor-element-populated\">\n\t\t\t\t\t\t<div class=\"elementor-element elementor-element-f6b81a4 elementor-widget elementor-widget-menu-anchor\" data-id=\"f6b81a4\" data-element_type=\"widget\" data-widget_type=\"menu-anchor.default\">\n\t\t\t\t<div class=\"elementor-widget-container\">\n\t\t\t\t\t<div class=\"elementor-menu-anchor\" id=\"map\"><\/div>\n\t\t\t\t<\/div>\n\t\t\t\t<\/div>\n\t\t\t\t<div class=\"elementor-element elementor-element-954bb56 elementor-widget elementor-widget-html\" data-id=\"954bb56\" data-element_type=\"widget\" data-widget_type=\"html.default\">\n\t\t\t\t<div class=\"elementor-widget-container\">\n\t\t\t<iframe src=\"https:\/\/www.google.com\/maps\/embed?pb=!1m14!1m8!1m3!1d14237.479066682734!2d2.155497455173657!3d41.3944755881651!3m2!1i1024!2i768!4f13.1!3m3!1m2!1s0x12a4a29253113259%3A0xceabefc49d18c9fb!2sCiudad%20Condal%20Hostal!5e0!3m2!1ses!2ses!4v1738929369491!5m2!1ses!2ses\" width=\"100%\" height=\"450\" style=\"border:0;\" allowfullscreen=\"\" loading=\"lazy\" referrerpolicy=\"no-referrer-when-downgrade\"><\/iframe>\t\t<\/div>\n\t\t\t\t<\/div>\n\t\t\t\t<div class=\"elementor-element elementor-element-d5211c6 elementor-widget elementor-widget-spacer\" data-id=\"d5211c6\" data-element_type=\"widget\" data-widget_type=\"spacer.default\">\n\t\t\t\t<div class=\"elementor-widget-container\">\n\t\t\t\t\t<div class=\"elementor-spacer\">\n\t\t\t<div class=\"elementor-spacer-inner\"><\/div>\n\t\t<\/div>\n\t\t\t\t<\/div>\n\t\t\t\t<\/div>\n\t\t\t\t\t<\/div>\n\t\t<\/div>\n\t\t\t\t\t<\/div>\n\t\t<\/section>\n\t\t\t\t<section class=\"elementor-section elementor-top-section elementor-element elementor-element-26ed64dc elementor-section-boxed elementor-section-height-default elementor-section-height-default\" data-id=\"26ed64dc\" data-element_type=\"section\" data-settings=\"{&quot;background_background&quot;:&quot;classic&quot;}\">\n\t\t\t\t\t\t<div class=\"elementor-container elementor-column-gap-wider\">\n\t\t\t\t\t<div class=\"elementor-column elementor-col-100 elementor-top-column elementor-element elementor-element-3972a860\" data-id=\"3972a860\" data-element_type=\"column\">\n\t\t\t<div class=\"elementor-widget-wrap elementor-element-populated\">\n\t\t\t\t\t\t<div class=\"elementor-element elementor-element-3570f2b6 elementor-widget elementor-widget-themo-call-to-action\" data-id=\"3570f2b6\" data-element_type=\"widget\" data-widget_type=\"themo-call-to-action.default\">\n\t\t\t\t<div class=\"elementor-widget-container\">\n\t\t\t\t\t<div class=\"th-cta\">\n\t\t\t\t\t        <div class=\"th-cta-text\">\n\t\t            <span>Reserva directament amb nosaltres i aconsegueix els millors preus!<\/span>\n\t\t        <\/div>\n\t\t    \n                        <div class=\"th-cta-btn\">\n\n                                    <a class=\"btn-1 btn th-btn btn-ghost-light\" href=\"https:\/\/hotels.cloudbeds.com\/reservation\/s6VMEb\" target=\"_blank\">\n                                                    Reserva ja!                                            <\/a>\n                \n                            <\/div>\n            \t\t<\/div>\n\t\t\t\t<\/div>\n\t\t\t\t<\/div>\n\t\t\t\t\t<\/div>\n\t\t<\/div>\n\t\t\t\t\t<\/div>\n\t\t<\/section>\n\t\t\t\t<section class=\"elementor-section elementor-top-section elementor-element elementor-element-233cf979 elementor-section-boxed elementor-section-height-default elementor-section-height-default\" data-id=\"233cf979\" data-element_type=\"section\" data-settings=\"{&quot;background_background&quot;:&quot;classic&quot;}\">\n\t\t\t\t\t\t<div class=\"elementor-container elementor-column-gap-extended\">\n\t\t\t\t\t<div class=\"elementor-column elementor-col-50 elementor-top-column elementor-element elementor-element-39c2a6a8\" data-id=\"39c2a6a8\" data-element_type=\"column\">\n\t\t\t<div class=\"elementor-widget-wrap elementor-element-populated\">\n\t\t\t\t\t\t<div class=\"elementor-element elementor-element-2f862e76 elementor-widget elementor-widget-spacer\" data-id=\"2f862e76\" data-element_type=\"widget\" data-widget_type=\"spacer.default\">\n\t\t\t\t<div class=\"elementor-widget-container\">\n\t\t\t\t\t<div class=\"elementor-spacer\">\n\t\t\t<div class=\"elementor-spacer-inner\"><\/div>\n\t\t<\/div>\n\t\t\t\t<\/div>\n\t\t\t\t<\/div>\n\t\t\t\t<div class=\"elementor-element elementor-element-37d5f4f4 elementor-widget elementor-widget-spacer\" data-id=\"37d5f4f4\" data-element_type=\"widget\" data-widget_type=\"spacer.default\">\n\t\t\t\t<div class=\"elementor-widget-container\">\n\t\t\t\t\t<div class=\"elementor-spacer\">\n\t\t\t<div class=\"elementor-spacer-inner\"><\/div>\n\t\t<\/div>\n\t\t\t\t<\/div>\n\t\t\t\t<\/div>\n\t\t\t\t<div class=\"elementor-element elementor-element-6223455b elementor-position-left elementor-view-default elementor-widget elementor-widget-themo-service-block\" data-id=\"6223455b\" data-element_type=\"widget\" data-widget_type=\"themo-service-block.default\">\n\t\t\t\t<div class=\"elementor-widget-container\">\n\t\t\t\t\t<div class=\"th-service-block-w\">\n            <div class=\"elementor-icon-box-wrapper th-show-icon\">\n                                    <div class=\"elementor-icon-box-icon th-icon-size-sm\">\n                        <span class=\"elementor-icon \" >\n                            <i aria-hidden=\"true\" class=\"fasth-trip travelpack-location-pin-1\"><\/i>                        <\/span>\n                    <\/div>\n                                <div class=\"elementor-icon-box-content\">\n                    <h4 class=\"elementor-icon-box-title\">\n                        <span >UBICACI\u00d3<\/span>\n                    <\/h4>\n                    <p class=\"elementor-icon-box-description\"><p><i class=\"fa fa-phone\"><\/i><span> (+34) 932 15 10 40<\/span><\/p>\n<p><a target=\"_blank\" href=\"tel:+34932151040\"><i class=\"fa fa-whatsapp\"><\/i><span> +34 644 578 299<\/span><\/a><\/p>\n<p><a target=\"_blank\" href=\"mailto:info@hostalciudadcondal.com\"><i class=\"fa fa-envelope-open-o\"><\/i><span> info@hostalciudadcondal.com<\/span><\/a><\/p>\n<p><i class=\"fa fa-map-o\"><\/i><span> Carrer Mallorca, 255 Principal (entre Passeig de Gr\u00e0cia y Rambla Catalunya) 08008 Barcelona<\/span><\/p>\n<br \/>\n<p>Check-in:14h<\/p>\n<p>Check-out:12h<\/p><\/p>\n                <\/div>\n            <\/div>\n\n        <\/div>\n\n\t\t\t\t<\/div>\n\t\t\t\t<\/div>\n\t\t\t\t\t<\/div>\n\t\t<\/div>\n\t\t\t\t<div class=\"elementor-column elementor-col-50 elementor-top-column elementor-element elementor-element-4682fbf1\" data-id=\"4682fbf1\" data-element_type=\"column\">\n\t\t\t<div class=\"elementor-widget-wrap elementor-element-populated\">\n\t\t\t\t\t\t<div class=\"elementor-element elementor-element-a0165aa elementor-widget elementor-widget-spacer\" data-id=\"a0165aa\" data-element_type=\"widget\" data-widget_type=\"spacer.default\">\n\t\t\t\t<div class=\"elementor-widget-container\">\n\t\t\t\t\t<div class=\"elementor-spacer\">\n\t\t\t<div class=\"elementor-spacer-inner\"><\/div>\n\t\t<\/div>\n\t\t\t\t<\/div>\n\t\t\t\t<\/div>\n\t\t\t\t<div class=\"elementor-element elementor-element-442d74d3 elementor-widget elementor-widget-themo-formidable-form\" data-id=\"442d74d3\" data-element_type=\"widget\" data-widget_type=\"themo-formidable-form.default\">\n\t\t\t\t<div class=\"elementor-widget-container\">\n\t\t\t            <div class=\"th-fo-form  th-form-default  th-btn-form btn-standard-primary-form\"><div class=\"frm_forms  with_frm_style frm_style_formidable-style\" id=\"frm_form_6_container\" >\n<form enctype=\"multipart\/form-data\" method=\"post\" class=\"frm-show-form \" id=\"form_contacto\" >\n<div class=\"frm_form_fields \">\n<fieldset>\n\r\n<div class=\"frm_fields_container\">\n<input type=\"hidden\" name=\"frm_action\" value=\"create\" \/>\n<input type=\"hidden\" name=\"form_id\" value=\"6\" \/>\n<input type=\"hidden\" name=\"frm_hide_fields_6\" id=\"frm_hide_fields_6\" value=\"\" \/>\n<input type=\"hidden\" name=\"form_key\" value=\"contacto\" \/>\n<input type=\"hidden\" name=\"item_meta[0]\" value=\"\" \/>\n<input type=\"hidden\" id=\"frm_submit_entry_6\" name=\"frm_submit_entry_6\" value=\"61c65cb57d\" \/><input type=\"hidden\" name=\"_wp_http_referer\" value=\"\/ca\/wp-json\/wp\/v2\/pages\/1446\" \/><div id=\"frm_field_17_container\" class=\"frm_form_field form-field  frm_required_field frm_none_container frm_full frm12\">\r\n    <label for=\"field_xipbjr3\" class=\"frm_primary_label\">Nom\r\n        <span class=\"frm_required\">*<\/span>\r\n    <\/label>\r\n    <input type=\"text\" id=\"field_xipbjr3\" name=\"item_meta[17]\" value=\"\"  placeholder=\"Nom\" data-reqmsg=\"Nom no pot estar buit.\" aria-required=\"true\" data-invmsg=\"Nom no \u00e9s v\u00e0lid\" aria-invalid=\"false\"  \/>\r\n    \r\n    \r\n<\/div>\n<div id=\"frm_field_18_container\" class=\"frm_form_field form-field  frm_required_field frm_none_container frm_full\">\r\n    <label for=\"field_jaehy83\" class=\"frm_primary_label\">Email\r\n        <span class=\"frm_required\">*<\/span>\r\n    <\/label>\r\n    <input type=\"text\" id=\"field_jaehy83\" name=\"item_meta[18]\" value=\"\"  placeholder=\"Email\" data-reqmsg=\"Email no pot estar buit.\" aria-required=\"true\" data-invmsg=\"Email no \u00e9s v\u00e0lid\" aria-invalid=\"false\"  \/>\r\n    \r\n    \r\n<\/div>\n<div id=\"frm_field_19_container\" class=\"frm_form_field form-field  frm_none_container frm_full frm12\">\r\n    <label for=\"field_cqpguu3\" class=\"frm_primary_label\">Tel\u00e8fon\r\n        <span class=\"frm_required\"><\/span>\r\n    <\/label>\r\n    <input type=\"text\" id=\"field_cqpguu3\" name=\"item_meta[19]\" value=\"\"  placeholder=\"Tel\u00e8fon\" data-invmsg=\"Tel\u00e8fon no \u00e9s v\u00e0lid\" aria-invalid=\"false\"  \/>\r\n    \r\n    \r\n<\/div>\n<div id=\"frm_field_20_container\" class=\"frm_form_field form-field  frm_required_field frm_none_container frm_full\">\r\n    <label for=\"field_w7ueyk3\" class=\"frm_primary_label\">Assumpte\r\n        <span class=\"frm_required\">*<\/span>\r\n    <\/label>\r\n    <input type=\"text\" id=\"field_w7ueyk3\" name=\"item_meta[20]\" value=\"\"  placeholder=\"Assumpte\" data-reqmsg=\"Assumpte no pot estar buit.\" aria-required=\"true\" data-invmsg=\"Assumpte no \u00e9s v\u00e0lid\" aria-invalid=\"false\"  \/>\r\n    \r\n    \r\n<\/div>\n<div id=\"frm_field_21_container\" class=\"frm_form_field form-field  frm_required_field frm_none_container frm12 frm_first\">\r\n    <label for=\"field_kggkvh3\" class=\"frm_primary_label\">Missatge\r\n        <span class=\"frm_required\">*<\/span>\r\n    <\/label>\r\n    <textarea name=\"item_meta[21]\" id=\"field_kggkvh3\" rows=\"5\"  placeholder=\"Missatge\" data-reqmsg=\"Missatge no pot estar buit.\" aria-required=\"true\" data-invmsg=\"Missatge is invalid\" aria-invalid=\"false\"  ><\/textarea>\r\n    \r\n    \r\n<\/div>\n<div id=\"frm_field_55_container\" class=\"frm_form_field form-field  frm_none_container\">\r\n\t<label for=\"g-recaptcha-response\" id=\"field_51dkz_label\" class=\"frm_primary_label\">Captcha\r\n\t\t<span class=\"frm_required\" aria-hidden=\"true\"><\/span>\r\n\t<\/label>\r\n\t<div  id=\"field_51dkz\" class=\"frm-g-recaptcha\" data-sitekey=\"6LfWG9EqAAAAAFAbr1PA7A4q1bbyeH5tD1y8ldGG\" data-size=\"invisible\" data-theme=\"light\"><\/div>\r\n\t\r\n\t\r\n<\/div>\n<div id=\"frm_field_54_container\" class=\"frm_form_field form-field  frm_required_field frm_none_container frm12 frm_first vertical_radio\">\r\n\t<div  id=\"field_7rn9b_label\" class=\"frm_primary_label\">Legal\r\n\t\t<span class=\"frm_required\" aria-hidden=\"true\">*<\/span>\r\n\t<\/div>\r\n\t<div class=\"frm_opt_container\" aria-labelledby=\"field_7rn9b_label\" role=\"group\">\t\t<div class=\"frm_checkbox\" id=\"frm_checkbox_54-0\">\t\t\t<label  for=\"field_7rn9b-0\">\n\t\t\t<input type=\"checkbox\" name=\"item_meta[54][]\" id=\"field_7rn9b-0\" value=\"He le\u00eddo y acepto el &lt;a href=&quot;\/aviso-legal-y-politica-de-privacidad\/&quot;&gt;aviso legal y la pol\u00edtica de privacidad&lt;\/a&gt; del sitio web.\"  data-reqmsg=\"Heu d&#039;acceptar la pol\u00edtica de privadesa per poder enviar el missatge.\" data-invmsg=\"Legal is invalid\" aria-invalid=\"false\"   aria-required=\"true\"  \/> He le\u00eddo y acepto el <a href=\"\/aviso-legal-y-politica-de-privacidad\/\">aviso legal y la pol\u00edtica de privacidad<\/a> del sitio web.<\/label><\/div>\n<\/div>\r\n\t\r\n\t\r\n<\/div>\n<div id=\"frm_field_53_container\" class=\"frm_form_field form-field \">\r\n\t<div class=\"frm_submit\">\r\n\r\n<input type=\"submit\" value=\"Enviar\"  \/>\r\n<img decoding=\"async\" class=\"frm_ajax_loading\" src=\"https:\/\/hostalciudadcondal.com\/wp-content\/plugins\/formidable\/images\/ajax_loader.gif\" alt=\"Sending\" style=\"visibility:hidden;\" \/>\r\n\r\n<\/div>\r\n<\/div>\n\t<input type=\"hidden\" name=\"item_key\" value=\"\" \/>\n\t\t\t\t<div class=\"frm__67a231f62d940\">\n\t\t\t\t<label for=\"frm_email_6\" >\n\t\t\t\t\tIf you are human, leave this field blank.\t\t\t\t<\/label>\n\t\t\t\t<input  id=\"frm_email_6\" type=\"email\" class=\"frm_verify\" name=\"frm__67a231f62d940\" value=\"\"  \/>\n\t\t\t<\/div>\n\t\t<\/div>\n<\/fieldset>\n<\/div>\n\n<\/form>\n<\/div>\n<\/div>\n            \t\t<\/div>\n\t\t\t\t<\/div>\n\t\t\t\t<div class=\"elementor-element elementor-element-571d291 elementor-widget elementor-widget-spacer\" data-id=\"571d291\" data-element_type=\"widget\" data-widget_type=\"spacer.default\">\n\t\t\t\t<div class=\"elementor-widget-container\">\n\t\t\t\t\t<div class=\"elementor-spacer\">\n\t\t\t<div class=\"elementor-spacer-inner\"><\/div>\n\t\t<\/div>\n\t\t\t\t<\/div>\n\t\t\t\t<\/div>\n\t\t\t\t\t<\/div>\n\t\t<\/div>\n\t\t\t\t\t<\/div>\n\t\t<\/section>\n\t\t\t\t<\/div>\n\t\t","protected":false},"excerpt":{"rendered":"<p>UBICACI\u00d3 I CONTACTE Localitzat al segon pis d\u00b4un edifici hist\u00f2ric del modernisme catal\u00e0 del centre de Barcelona MAPA I DIRECCI\u00d3 El CIUDAD CONDAL\u00a0\u00e9s un Hostal, localitzat al segon pis d&#8217;un edifici hist\u00f2ric del modernisme catal\u00e0 del centre de Barcelona, \u200b\u200ba &hellip; <a href=\"https:\/\/hostalciudadcondal.com\/ca\/ubicacio-i-contacte\/\">Read More<\/a><\/p>\n","protected":false},"author":1,"featured_media":0,"parent":0,"menu_order":26,"comment_status":"closed","ping_status":"closed","template":"","meta":{"footnotes":""},"class_list":["post-1446","page","type-page","status-publish","hentry"],"_links":{"self":[{"href":"https:\/\/hostalciudadcondal.com\/ca\/wp-json\/wp\/v2\/pages\/1446","targetHints":{"allow":["GET"]}}],"collection":[{"href":"https:\/\/hostalciudadcondal.com\/ca\/wp-json\/wp\/v2\/pages"}],"about":[{"href":"https:\/\/hostalciudadcondal.com\/ca\/wp-json\/wp\/v2\/types\/page"}],"author":[{"embeddable":true,"href":"https:\/\/hostalciudadcondal.com\/ca\/wp-json\/wp\/v2\/users\/1"}],"replies":[{"embeddable":true,"href":"https:\/\/hostalciudadcondal.com\/ca\/wp-json\/wp\/v2\/comments?post=1446"}],"version-history":[{"count":10,"href":"https:\/\/hostalciudadcondal.com\/ca\/wp-json\/wp\/v2\/pages\/1446\/revisions"}],"predecessor-version":[{"id":1823,"href":"https:\/\/hostalciudadcondal.com\/ca\/wp-json\/wp\/v2\/pages\/1446\/revisions\/1823"}],"wp:attachment":[{"href":"https:\/\/hostalciudadcondal.com\/ca\/wp-json\/wp\/v2\/media?parent=1446"}],"curies":[{"name":"wp","href":"https:\/\/api.w.org\/{rel}","templated":true}]}}