{"id":1409,"date":"2019-05-01T09:33:50","date_gmt":"2019-05-01T07:33:50","guid":{"rendered":"https:\/\/hostalciudadcondal.com\/?page_id=1409"},"modified":"2025-02-11T08:48:02","modified_gmt":"2025-02-11T07:48:02","slug":"chambres","status":"publish","type":"page","link":"https:\/\/hostalciudadcondal.com\/fr\/chambres\/","title":{"rendered":"Chambres"},"content":{"rendered":"\t\t<div data-elementor-type=\"wp-post\" data-elementor-id=\"1409\" class=\"elementor elementor-1409 elementor-48\">\n\t\t\t\t\t\t<section class=\"elementor-section elementor-top-section elementor-element elementor-element-3abe1d47 elementor-section-full_width elementor-section-height-min-height elementor-section-height-default elementor-section-items-middle\" data-id=\"3abe1d47\" data-element_type=\"section\" data-settings=\"{&quot;background_background&quot;:&quot;classic&quot;}\">\n\t\t\t\t\t\t\t<div class=\"elementor-background-overlay\"><\/div>\n\t\t\t\t\t\t\t<div class=\"elementor-container elementor-column-gap-default\">\n\t\t\t\t\t<div class=\"elementor-column elementor-col-100 elementor-top-column elementor-element elementor-element-1cd780e3\" data-id=\"1cd780e3\" data-element_type=\"column\">\n\t\t\t<div class=\"elementor-widget-wrap elementor-element-populated\">\n\t\t\t\t\t\t<div class=\"elementor-element elementor-element-367392ab elementor-widget elementor-widget-spacer\" data-id=\"367392ab\" data-element_type=\"widget\" data-widget_type=\"spacer.default\">\n\t\t\t\t<div class=\"elementor-widget-container\">\n\t\t\t\t\t<div class=\"elementor-spacer\">\n\t\t\t<div class=\"elementor-spacer-inner\"><\/div>\n\t\t<\/div>\n\t\t\t\t<\/div>\n\t\t\t\t<\/div>\n\t\t\t\t<div class=\"elementor-element elementor-element-2745faf1 elementor-view-default elementor-position-top elementor-invisible elementor-widget elementor-widget-themo-header\" data-id=\"2745faf1\" data-element_type=\"widget\" data-settings=\"{&quot;_animation&quot;:&quot;fadeIn&quot;}\" data-widget_type=\"themo-header.default\">\n\t\t\t\t<div class=\"elementor-widget-container\">\n\t\t\t\t\t<div class=\"th-header-wrap\">\n        <div class=\"elementor-icon-box-wrapper \">\n                            <div class=\"elementor-icon-box-content\">\n                    <h1 class=\"elementor-icon-box-title\">\n                        CHAMBRES                    <\/h1>\n                                        <p class=\"elementor-icon-box-description\">CIUDAD CONDAL offre des s\u00e9jours confortables, intimit\u00e9, tranquillit\u00e9, s\u00e9curit\u00e9, propret\u00e9 maximale et attention personnalis\u00e9e<\/p>\n\n                                    <\/div>\n            <\/div>\n\n        <\/div>\n\n\t\t\t\t<\/div>\n\t\t\t\t<\/div>\n\t\t\t\t\t<\/div>\n\t\t<\/div>\n\t\t\t\t\t<\/div>\n\t\t<\/section>\n\t\t\t\t<section class=\"elementor-section elementor-top-section elementor-element elementor-element-4d8255d9 elementor-section-boxed elementor-section-height-default elementor-section-height-default\" data-id=\"4d8255d9\" data-element_type=\"section\" data-settings=\"{&quot;background_background&quot;:&quot;classic&quot;}\">\n\t\t\t\t\t\t<div class=\"elementor-container elementor-column-gap-default\">\n\t\t\t\t\t<div class=\"elementor-column elementor-col-100 elementor-top-column elementor-element elementor-element-606d91cb\" data-id=\"606d91cb\" data-element_type=\"column\">\n\t\t\t<div class=\"elementor-widget-wrap elementor-element-populated\">\n\t\t\t\t\t\t<div class=\"elementor-element elementor-element-0a7dfb6 elementor-widget elementor-widget-spacer\" data-id=\"0a7dfb6\" data-element_type=\"widget\" data-widget_type=\"spacer.default\">\n\t\t\t\t<div class=\"elementor-widget-container\">\n\t\t\t\t\t<div class=\"elementor-spacer\">\n\t\t\t<div class=\"elementor-spacer-inner\"><\/div>\n\t\t<\/div>\n\t\t\t\t<\/div>\n\t\t\t\t<\/div>\n\t\t\t\t<div class=\"elementor-element elementor-element-9639ee0 elementor-widget elementor-widget-themo-accommodation-grid\" data-id=\"9639ee0\" data-element_type=\"widget\" data-widget_type=\"themo-accommodation-grid.default\">\n\t\t\t\t<div class=\"elementor-widget-container\">\n\t\t\t\n                <div id=\"th-portfolio-content-69f76dc165b43\" class=\"th-portfolio\">\n\n            \n                <div id=\"filters\" class=\"th-portfolio-filters\">\n                                            <span>Sort:<\/span>\n                    \n                                            <a href=\"#\" data-filter=\"*\" class=\"current\">All<\/a>\n                    \n                    <a href=\"#\" data-filter=\"#th-portfolio-content-69f76dc165b43 .p-double-fr\">Double<\/a><a href=\"#\" data-filter=\"#th-portfolio-content-69f76dc165b43 .p-individuel\">Individuel<\/a><a href=\"#\" data-filter=\"#th-portfolio-content-69f76dc165b43 .p-quadruple-fr\">Quadruple<\/a><a href=\"#\" data-filter=\"#th-portfolio-content-69f76dc165b43 .p-triple-fr\">Triple<\/a>                <\/div>\n\n            \n            <div id=\"th-portfolio-row\" class=\"th-portfolio-row row portfolio_content  three-columns th-port-gutter th-port-style-2 display-flex\">\n\n                                        <div id=\"post-1154\" class=\"th-portfolio-item item col-md-4 col-sm-6 p-individuel post-1154 mphb_room_type type-mphb_room_type status-publish format-standard has-post-thumbnail hentry mphb_room_type_category-individuel mphb-room-type-adults-1 mphb-room-type-children-0 \">\n\n                                                        <div class=\"th-port-card th-port-card-default\">\n                                <a href=\"https:\/\/hostalciudadcondal.com\/fr\/accommodation\/interieur-individuel\/\" class=\"th-port-card-link\" >                                <span class=\"th-port-card-img\">\n                                                            <img fetchpriority=\"high\" decoding=\"async\" width=\"605\" height=\"605\" src=\"https:\/\/hostalciudadcondal.com\/wp-content\/uploads\/2019\/03\/individual-interior-4-605x605.jpg\" class=\"img-responsive th-port-img wp-post-image\" alt=\"\" \/>                                                                    <div class=\"th-port-card-caption th-pricing-cost\"><p>\u00c0 partir de 50\u20ac\/nuit<\/p><\/div>                                    <\/span>\n                                    <span class=\"th-port-card-body\">\n                                      <h3 class=\"th-port-title\">Int\u00e9rieur individuel<\/h3>\n                                      <p class=\"th-port-sub th-else\">Salle de bain priv\u00e9e<\/p>                                    <\/span>\n                                    <\/a>\n                                <\/div>\n\n                                                        <\/div>\n                                                <div id=\"post-1238\" class=\"th-portfolio-item item col-md-4 col-sm-6 p-double-fr post-1238 mphb_room_type type-mphb_room_type status-publish format-standard has-post-thumbnail hentry mphb_room_type_category-double-fr mphb-room-type-adults-1 mphb-room-type-children-0 \">\n\n                                                        <div class=\"th-port-card th-port-card-default\">\n                                <a href=\"https:\/\/hostalciudadcondal.com\/fr\/accommodation\/double-interieur\/\" class=\"th-port-card-link\" >                                <span class=\"th-port-card-img\">\n                                                            <img decoding=\"async\" width=\"605\" height=\"605\" src=\"https:\/\/hostalciudadcondal.com\/wp-content\/uploads\/2025\/02\/doble-interior-605x605.jpg\" class=\"img-responsive th-port-img wp-post-image\" alt=\"\" \/>                                                                    <div class=\"th-port-card-caption th-pricing-cost\"><p>\u00c0 partir de 65\u20ac\/nuit<\/p><\/div>                                    <\/span>\n                                    <span class=\"th-port-card-body\">\n                                      <h3 class=\"th-port-title\">Double interieur<\/h3>\n                                      <p class=\"th-port-sub th-else\">Salle de bain priv\u00e9e<\/p>                                    <\/span>\n                                    <\/a>\n                                <\/div>\n\n                                                        <\/div>\n                                                <div id=\"post-1296\" class=\"th-portfolio-item item col-md-4 col-sm-6 p-double-fr post-1296 mphb_room_type type-mphb_room_type status-publish format-standard has-post-thumbnail hentry mphb_room_type_category-double-fr mphb-room-type-adults-1 mphb-room-type-children-0 \">\n\n                                                        <div class=\"th-port-card th-port-card-default\">\n                                <a href=\"https:\/\/hostalciudadcondal.com\/fr\/accommodation\/double-superieur\/\" class=\"th-port-card-link\" >                                <span class=\"th-port-card-img\">\n                                                            <img decoding=\"async\" width=\"605\" height=\"605\" src=\"https:\/\/hostalciudadcondal.com\/wp-content\/uploads\/2025\/02\/doble-superior-3-605x605.jpg\" class=\"img-responsive th-port-img wp-post-image\" alt=\"\" \/>                                                                    <div class=\"th-port-card-caption th-pricing-cost\"><p>\u00c0 partir de 85\u20ac\/nuit<\/p><\/div>                                    <\/span>\n                                    <span class=\"th-port-card-body\">\n                                      <h3 class=\"th-port-title\">Double sup\u00e9rieur<\/h3>\n                                      <p class=\"th-port-sub th-else\">Salle de bain priv\u00e9e<\/p>                                    <\/span>\n                                    <\/a>\n                                <\/div>\n\n                                                        <\/div>\n                                                <div id=\"post-1336\" class=\"th-portfolio-item item col-md-4 col-sm-6 p-triple-fr post-1336 mphb_room_type type-mphb_room_type status-publish format-standard has-post-thumbnail hentry mphb_room_type_category-triple-fr mphb-room-type-adults-3 mphb-room-type-children-0 \">\n\n                                                        <div class=\"th-port-card th-port-card-default\">\n                                <a href=\"https:\/\/hostalciudadcondal.com\/fr\/accommodation\/triple\/\" class=\"th-port-card-link\" >                                <span class=\"th-port-card-img\">\n                                                            <img loading=\"lazy\" decoding=\"async\" width=\"605\" height=\"605\" src=\"https:\/\/hostalciudadcondal.com\/wp-content\/uploads\/2025\/02\/triple-3-605x605.jpg\" class=\"img-responsive th-port-img wp-post-image\" alt=\"\" \/>                                                                    <div class=\"th-port-card-caption th-pricing-cost\"><p>\u00c0 partir de 115\u20ac\/nuit<\/p><\/div>                                    <\/span>\n                                    <span class=\"th-port-card-body\">\n                                      <h3 class=\"th-port-title\">Triple<\/h3>\n                                      <p class=\"th-port-sub th-else\">Salle de bain priv\u00e9e<\/p>                                    <\/span>\n                                    <\/a>\n                                <\/div>\n\n                                                        <\/div>\n                                                <div id=\"post-1370\" class=\"th-portfolio-item item col-md-4 col-sm-6 p-quadruple-fr post-1370 mphb_room_type type-mphb_room_type status-publish format-standard has-post-thumbnail hentry mphb_room_type_category-quadruple-fr mphb-room-type-adults-4 mphb-room-type-children-0 \">\n\n                                                        <div class=\"th-port-card th-port-card-default\">\n                                <a href=\"https:\/\/hostalciudadcondal.com\/fr\/accommodation\/quadruple\/\" class=\"th-port-card-link\" >                                <span class=\"th-port-card-img\">\n                                                            <img loading=\"lazy\" decoding=\"async\" width=\"605\" height=\"605\" src=\"https:\/\/hostalciudadcondal.com\/wp-content\/uploads\/2025\/02\/cropped-HAB_YELLOW_BAJA-605x605.jpg\" class=\"img-responsive th-port-img wp-post-image\" alt=\"\" \/>                                                                    <div class=\"th-port-card-caption th-pricing-cost\"><p>\u00c0 partir de 150\u20ac\/nuit<\/p><\/div>                                    <\/span>\n                                    <span class=\"th-port-card-body\">\n                                      <h3 class=\"th-port-title\">Quadruple<\/h3>\n                                      <p class=\"th-port-sub th-else\">Salle de bain priv\u00e9e<\/p>                                    <\/span>\n                                    <\/a>\n                                <\/div>\n\n                                                        <\/div>\n                                                <div id=\"post-1216\" class=\"th-portfolio-item item col-md-4 col-sm-6 p-double-fr p-individuel post-1216 mphb_room_type type-mphb_room_type status-publish format-standard has-post-thumbnail hentry mphb_room_type_category-double-fr mphb_room_type_category-individuel mphb-room-type-adults-1 mphb-room-type-children-0 \">\n\n                                                        <div class=\"th-port-card th-port-card-default\">\n                                <a href=\"https:\/\/hostalciudadcondal.com\/fr\/accommodation\/individuel-economique\/\" class=\"th-port-card-link\" >                                <span class=\"th-port-card-img\">\n                                                            <img loading=\"lazy\" decoding=\"async\" width=\"605\" height=\"605\" src=\"https:\/\/hostalciudadcondal.com\/wp-content\/uploads\/2025\/02\/individual-interior-economica-605x605.jpg\" class=\"img-responsive th-port-img wp-post-image\" alt=\"\" \/>                                                                    <div class=\"th-port-card-caption th-pricing-cost\"><p>\u00c0 partir de 40\u20ac\/nuit<\/p><\/div>                                    <\/span>\n                                    <span class=\"th-port-card-body\">\n                                      <h3 class=\"th-port-title\">Individuel \u00e9conomique<\/h3>\n                                      <p class=\"th-port-sub th-else\">Salle de bain exterieur priv\u00e9e<\/p>                                    <\/span>\n                                    <\/a>\n                                <\/div>\n\n                                                        <\/div>\n                        \n            <\/div>\n\n        <\/div>\n\n        \t\t<\/div>\n\t\t\t\t<\/div>\n\t\t\t\t\t<\/div>\n\t\t<\/div>\n\t\t\t\t\t<\/div>\n\t\t<\/section>\n\t\t\t\t<section class=\"elementor-section elementor-top-section elementor-element elementor-element-7f7cd615 elementor-section-boxed elementor-section-height-default elementor-section-height-default\" data-id=\"7f7cd615\" data-element_type=\"section\" data-settings=\"{&quot;background_background&quot;:&quot;classic&quot;}\">\n\t\t\t\t\t\t<div class=\"elementor-container elementor-column-gap-wider\">\n\t\t\t\t\t<div class=\"elementor-column elementor-col-100 elementor-top-column elementor-element elementor-element-249e4454\" data-id=\"249e4454\" data-element_type=\"column\">\n\t\t\t<div class=\"elementor-widget-wrap elementor-element-populated\">\n\t\t\t\t\t\t<div class=\"elementor-element elementor-element-393ed4ef elementor-widget elementor-widget-themo-call-to-action\" data-id=\"393ed4ef\" data-element_type=\"widget\" data-widget_type=\"themo-call-to-action.default\">\n\t\t\t\t<div class=\"elementor-widget-container\">\n\t\t\t\t\t<div class=\"th-cta\">\n\t\t\t\t\t        <div class=\"th-cta-text\">\n\t\t            <span>R\u00e9servez directement avec nous et obtenez les meilleurs tarifs!<\/span>\n\t\t        <\/div>\n\t\t    \n                        <div class=\"th-cta-btn\">\n\n                                    <a class=\"btn-1 btn th-btn btn-ghost-light\" href=\"https:\/\/hotels.cloudbeds.com\/reservation\/s6VMEb\" target=\"_blank\">\n                                                    R\u00e9servez maintenant!                                            <\/a>\n                \n                            <\/div>\n            \t\t<\/div>\n\t\t\t\t<\/div>\n\t\t\t\t<\/div>\n\t\t\t\t\t<\/div>\n\t\t<\/div>\n\t\t\t\t\t<\/div>\n\t\t<\/section>\n\t\t\t\t<\/div>\n\t\t","protected":false},"excerpt":{"rendered":"<p>CHAMBRES CIUDAD CONDAL\u2026<\/p>\n","protected":false},"author":1,"featured_media":0,"parent":0,"menu_order":17,"comment_status":"closed","ping_status":"closed","template":"elementor_theme","meta":{"footnotes":""},"class_list":["post-1409","page","type-page","status-publish","hentry"],"_links":{"self":[{"href":"https:\/\/hostalciudadcondal.com\/fr\/wp-json\/wp\/v2\/pages\/1409","targetHints":{"allow":["GET"]}}],"collection":[{"href":"https:\/\/hostalciudadcondal.com\/fr\/wp-json\/wp\/v2\/pages"}],"about":[{"href":"https:\/\/hostalciudadcondal.com\/fr\/wp-json\/wp\/v2\/types\/page"}],"author":[{"embeddable":true,"href":"https:\/\/hostalciudadcondal.com\/fr\/wp-json\/wp\/v2\/users\/1"}],"replies":[{"embeddable":true,"href":"https:\/\/hostalciudadcondal.com\/fr\/wp-json\/wp\/v2\/comments?post=1409"}],"version-history":[{"count":7,"href":"https:\/\/hostalciudadcondal.com\/fr\/wp-json\/wp\/v2\/pages\/1409\/revisions"}],"predecessor-version":[{"id":2119,"href":"https:\/\/hostalciudadcondal.com\/fr\/wp-json\/wp\/v2\/pages\/1409\/revisions\/2119"}],"wp:attachment":[{"href":"https:\/\/hostalciudadcondal.com\/fr\/wp-json\/wp\/v2\/media?parent=1409"}],"curies":[{"name":"wp","href":"https:\/\/api.w.org\/{rel}","templated":true}]}}